{"id":1254,"date":"2024-09-01T16:50:05","date_gmt":"2024-09-01T16:50:05","guid":{"rendered":"http:\/\/zsowydminy.pl\/?page_id=1254"},"modified":"2024-10-24T10:05:58","modified_gmt":"2024-10-24T10:05:58","slug":"statuty","status":"publish","type":"page","link":"http:\/\/zsowydminy.pl\/?page_id=1254","title":{"rendered":"STATUTY"},"content":{"rendered":"<table style=\"border-collapse: collapse; width: 100%;\">\n<tbody>\n<tr>\n<td style=\"width: 5.96911%;\">1.<\/td>\n<td style=\"width: 73.4741%;\">Spis tre\u015bci w statutach<\/td>\n<td style=\"width: 20.5567%;\"><a href=\"http:\/\/zsowydminy.pl\/wp-content\/uploads\/2024\/10\/Spis-tresci-w-statutach.pdf\" target=\"_blank\" rel=\"noopener\">pobierz&nbsp;<\/a><\/td>\n<\/tr>\n<tr>\n<td style=\"width: 5.96911%;\">2.<\/td>\n<td style=\"width: 73.4741%;\">Statut Szko\u0142y Podstawowej im. Feliksa Nowowiejskiego w Wydminach<\/td>\n<td style=\"width: 20.5567%;\"><a href=\"http:\/\/zsowydminy.pl\/wp-content\/uploads\/2024\/10\/STATUT-SP-2024.pdf\" target=\"_blank\" rel=\"noopener\">pobierz<\/a><\/td>\n<\/tr>\n<tr>\n<td style=\"width: 5.96911%;\">3.<\/td>\n<td style=\"width: 73.4741%;\">Statut Samorz\u0105dowego Liceum Og\u00f3lnokszta\u0142c\u0105cego w ZSO w Wydminach<\/td>\n<td style=\"width: 20.5567%;\"><a href=\"http:\/\/zsowydminy.pl\/wp-content\/uploads\/2024\/10\/STATUT-SLO-2024.pdf\" target=\"_blank\" rel=\"noopener\">pobierz<\/a><\/td>\n<\/tr>\n<tr>\n<td style=\"width: 5.96911%;\">4.<\/td>\n<td style=\"width: 73.4741%;\">Statut Zespo\u0142u Szk\u00f3\u0142 Og\u00f3lnokszta\u0142c\u0105cych w Wydminach&nbsp;<\/td>\n<td style=\"width: 20.5567%;\"><a href=\"http:\/\/zsowydminy.pl\/wp-content\/uploads\/2024\/10\/STATUT-ZSO-2024.pdf\" target=\"_blank\" rel=\"noopener\">pobierz<\/a><\/td>\n<\/tr>\n<\/tbody>\n<\/table>\n<p>&nbsp;<\/p>\n<p>&nbsp;<\/p>\n","protected":false},"excerpt":{"rendered":"<p>1. Spis tre\u015bci w statutach pobierz&nbsp; 2. Statut Szko\u0142y Podstawowej im. Feliksa Nowowiejskiego w Wydminach pobierz 3. Statut Samorz\u0105dowego Liceum Og\u00f3lnokszta\u0142c\u0105cego w ZSO w Wydminach pobierz 4. Statut Zespo\u0142u Szk\u00f3\u0142 Og\u00f3lnokszta\u0142c\u0105cych w Wydminach&nbsp; pobierz &nbsp; &nbsp;<\/p>\n","protected":false},"author":2,"featured_media":0,"parent":28,"menu_order":0,"comment_status":"closed","ping_status":"closed","template":"","meta":{"ngg_post_thumbnail":0,"_EventAllDay":false,"_EventTimezone":"","_EventStartDate":"","_EventEndDate":"","_EventStartDateUTC":"","_EventEndDateUTC":"","_EventShowMap":false,"_EventShowMapLink":false,"_EventURL":"","_EventCost":"","_EventCostDescription":"","_EventCurrencySymbol":"","_EventCurrencyCode":"","_EventCurrencyPosition":"","_EventDateTimeSeparator":"","_EventTimeRangeSeparator":"","_EventOrganizerID":[],"_EventVenueID":[],"_OrganizerEmail":"","_OrganizerPhone":"","_OrganizerWebsite":"","_VenueAddress":"","_VenueCity":"","_VenueCountry":"","_VenueProvince":"","_VenueState":"","_VenueZip":"","_VenuePhone":"","_VenueURL":"","_VenueStateProvince":"","_VenueLat":"","_VenueLng":"","_VenueShowMap":false,"_VenueShowMapLink":false,"footnotes":""},"class_list":["post-1254","page","type-page","status-publish","hentry"],"_links":{"self":[{"href":"http:\/\/zsowydminy.pl\/index.php?rest_route=\/wp\/v2\/pages\/1254","targetHints":{"allow":["GET"]}}],"collection":[{"href":"http:\/\/zsowydminy.pl\/index.php?rest_route=\/wp\/v2\/pages"}],"about":[{"href":"http:\/\/zsowydminy.pl\/index.php?rest_route=\/wp\/v2\/types\/page"}],"author":[{"embeddable":true,"href":"http:\/\/zsowydminy.pl\/index.php?rest_route=\/wp\/v2\/users\/2"}],"replies":[{"embeddable":true,"href":"http:\/\/zsowydminy.pl\/index.php?rest_route=%2Fwp%2Fv2%2Fcomments&post=1254"}],"version-history":[{"count":14,"href":"http:\/\/zsowydminy.pl\/index.php?rest_route=\/wp\/v2\/pages\/1254\/revisions"}],"predecessor-version":[{"id":10752,"href":"http:\/\/zsowydminy.pl\/index.php?rest_route=\/wp\/v2\/pages\/1254\/revisions\/10752"}],"up":[{"embeddable":true,"href":"http:\/\/zsowydminy.pl\/index.php?rest_route=\/wp\/v2\/pages\/28"}],"wp:attachment":[{"href":"http:\/\/zsowydminy.pl\/index.php?rest_route=%2Fwp%2Fv2%2Fmedia&parent=1254"}],"curies":[{"name":"wp","href":"https:\/\/api.w.org\/{rel}","templated":true}]}}